{"id":502,"date":"2021-12-30T01:18:01","date_gmt":"2021-12-30T01:18:01","guid":{"rendered":"https:\/\/careerinlaw.net\/ca\/?page_id=502"},"modified":"2023-12-13T15:57:01","modified_gmt":"2023-12-13T20:57:01","slug":"university-of-ottawa-faculty-of-law","status":"publish","type":"page","link":"https:\/\/careerinlaw.net\/ca\/law-schools\/university-of-ottawa-faculty-of-law","title":{"rendered":"University of Ottawa Faculty of Law: a Complete Guide"},"content":{"rendered":"<p>In the nation\u2019s capital, you\u2019ll find the University of Ottawa Faculty of Law \u2013 one of Canada\u2019s leading law schools. In this overview, you\u2019ll find unique qualities, admissions requirements, enrolment statistics, financial information, and the curriculum of this prestigious institution.<\/p><div id=\"caree-3964566414\" class=\"caree-content caree-entity-placement\"><img src=\"https:\/\/careerinlaw.net\/ca\/wp-content\/uploads\/sites\/4\/2023\/10\/MRF-169650-in-article-336x280-1.png\" alt=\"\"  srcset=\"https:\/\/careerinlaw.net\/ca\/wp-content\/uploads\/sites\/4\/2023\/10\/MRF-169650-in-article-336x280-1.png 448w, https:\/\/careerinlaw.net\/ca\/wp-content\/uploads\/sites\/4\/2023\/10\/MRF-169650-in-article-336x280-1-300x250.png 300w\" sizes=\"(max-width: 448px) 100vw, 448px\" width=\"448\" height=\"373\"  style=\"display: inline-block;\" \/><\/div>\n<p><a href=\"https:\/\/careerinlaw.net\/ca\/graduate-entry-uk-senior-status-law-degree\">2-Year Senior Status LLB Degree<\/a> could be your alternative option.<\/p>\n<h2>Law School Summary<\/h2>\n<p>There are many law schools in Canada and each one has a unique selling point. Below you will find what makes Ottawa law school one of a kind in Canada.<\/p>\n<h3>Strengths of UOttawa Law<\/h3>\n<p>The University of Ottawa is renowned for its Public Law. However, with the construction of a new Business Law Clinic, anybody interested in Business or Corporate Law ought to consider applying to this Canadian university. Furthermore, the Law Faculty also promotes unique electives, for example, units in Aboriginal Law, Health Law and the connection between Law and Technology.<\/p>\n<p>Mooting has always been at the heart of western law schools and the University of Ottawa can certainly boast about its triumphs in international competitive mooting. Especially when it was crowned champion of Vis Moot and had the better of Harvard Law School\u2019s mooting team on several occasions.<\/p>\n<h3>Special Qualities of UOttawa Law<\/h3>\n<p>Most notably, unlike other universities, the University of Ottawa provides three-year-long academic teaching both in <a href=\"https:\/\/commonlaw.uottawa.ca\/en\/students\/programs\/english-juris-doctor\">English <\/a>and <a href=\"https:\/\/commonlaw.uottawa.ca\/en\/students\/programs\/french-juris-doctor\">French<\/a> for its common law section and solely in French for the civil law discipline.<\/p>\n<p>Fauteux Hall also welcomes the Norton Rose Fulbright classroom. The School upholds major ties with the Canadian Supreme Court and Parliament, which together with its three law clinics\u2019 schemes facilitate students in securing internships.<\/p>\n<p>Opportunities for exchange programs are widespread at this university. Australia is a particularly popular destination amongst common law students, whereas Europe\u2019s France and Norway and South America\u2019s Argentina, Chile, and Mexico attract civil law students.<\/p>\n<h2>University of Ottawa Law Requirements<\/h2>\n<p>This section will outline admission requirements for the common law program as well as the civil law program. The application deadline for a start in September is November 1 of each year. For example, if one wishes to undertake a program commencing in September 2022, they need to make sure that their applications have been submitted by November 1, 2021.<\/p>\n<h3>Personal Statement<\/h3>\n<p>UOttawa Law School Admissions has insisted not to \u2018use the personal statement as a resume\u2019 and instead treat it as something \u2018similar to an interview\u2019. Hence, both of these stages are merged together in the body of an 8,000-character Personal Statement.<\/p>\n<ul>\n<li>Nevertheless, there is an exception in relation to Mature or Indigenous applicants. Both must submit an up-to-date resume. Indigenous applicants must also submit a reference letter from a non-academic referee in describing their Indigenous community involvement.<\/li>\n<\/ul>\n<h3>Letters of Reference<\/h3>\n<p>The University of Ottawa mandates applicants to supply at least two letters of reference. Both references should preferably be from referees bonded to the applicants in an academic context, including professors, research supervisors, or teaching assistants. In the circumstances where two references of this kind are unable to be put forward, one of the letters of reference may be from a person reliable enough to portray an accurate picture of one\u2019s academic capacity and professional skills.<\/p>\n<ul>\n<li>Mature candidates are unable to evade the admission requirement of references and must also obtain references. They can be from such people, who are able to appropriately comment on one\u2019s research and managerial abilities, critical thinking, teamwork, oral and written communication.<\/li>\n<\/ul>\n<h3>Transcripts<\/h3>\n<p>Transcripts play a central role in the admission process. The University of Ottawa is inconsiderate of graduate degrees, so various bachelor degrees equivalent of 90 credits, e.g. ranging from Automation and Robotics, Music or Animation to Business Administration, will enable you to apply.<\/p>\n<h3>LSAT<\/h3>\n<ul>\n<li>Next on our list comes the Law School Admission Test (LSAT), an obligatory application criterium for the common program taught in English, but one that civil program candidates are exempt from taking.\n<ul>\n<li>The LSAT must be completed in November at the latest.<\/li>\n<li>Successful applications will typically average more than the 70th percentile \u2013 an LSAT score of a minimum of 157 (out of a maximum of 180).<\/li>\n<\/ul>\n<\/li>\n<\/ul>\n<h3>GPA<\/h3>\n<p>In relation to the grade point average (GPA) from candidates\u2019 undergraduate degrees, those who scored 80% or more (an overall A grade) are likely to secure a place to study law the University of Ottawa.<\/p>\n<ul>\n<li>This is the requirement for the common program \u2013 the civil program, on the other hand, demands a GPA of 3.70.<\/li>\n<\/ul>\n<h2>Enrolment Statistics of the University of Ottawa Faculty of Law<\/h2>\n<p>Recent data from four years ago (2017) indicates that the English program is indisputably the harder one to secure a place at. On average only 12% of all applicants are successful in their quest of first-year enrolment. Statistically, this translates to 320 course places per 2,637 submitted applications.<\/p>\n<p>On the other side, the Law School Admission Council summarised that 2017 saw 80 first-year law students making their way through a panel of 185 applicants. This subsequently equates to a significantly increased admission rate of 43% for the civil French program.<\/p>\n<h2>Student Finance Information<\/h2>\n<p><img decoding=\"async\" src=\"https:\/\/careerinlaw.net\/ca\/wp-content\/uploads\/sites\/4\/2021\/12\/University-of-Ottawa-Faculty-of-Law-Law-Students-and-Faculty-Members.jpg\" alt=\"Law students and faculty members posing in front of UOttawa Law School\" width=\"720\" height=\"324\" \/><\/p>\n<h3>Tuition at Ottawa Law School<\/h3>\n<p>We will expound on the <a href=\"https:\/\/www.uottawa.ca\/university-fees\/\" target=\"_blank\" rel=\"noopener noreferrer\">costs\u00a0<\/a>associated with obtaining a <a href=\"https:\/\/careerinlaw.net\/ca\/types-of-law-degrees\">law degree<\/a> from the Ottawa law school by comparing the difference between the tuition fees for full-time Canadian citizens and full-time International students.<\/p>\n<table>\n<tbody>\n<tr>\n<td width=\"208\"><\/td>\n<td width=\"208\"><strong>Canadian citizens<\/strong><\/td>\n<td width=\"208\"><strong>International students<\/strong><\/td>\n<\/tr>\n<tr>\n<td width=\"208\"><strong>Semester fees<\/strong><\/td>\n<td width=\"208\">$8,784 CDN (common)<\/p>\n<p>$4,923 CDN (civil)<\/td>\n<td width=\"208\">$32,169 CDN (common)<\/p>\n<p>$20,627 CDN (civil)<\/td>\n<\/tr>\n<tr>\n<td width=\"208\"><strong>Annual fees<\/strong><\/td>\n<td width=\"208\">$17,568 CDN (common)<\/p>\n<p>$9.846 CDN (civil)<\/td>\n<td width=\"208\">$64,338 CDN (common)<\/p>\n<p>$41,254 (civil)<\/td>\n<\/tr>\n<tr>\n<td width=\"208\"><strong>Estimated textbooks\u2019 costs<\/strong><\/td>\n<td width=\"208\">$1,200 CDN<\/td>\n<td width=\"208\">$1,200 CDN<\/td>\n<\/tr>\n<tr>\n<td width=\"208\"><strong>Application fee<\/strong><\/p>\n<p><strong>\u00a0<\/strong><\/td>\n<td width=\"208\">$100 CDN<\/td>\n<td width=\"208\">$100 CDN<\/td>\n<\/tr>\n<tr>\n<td width=\"208\"><strong>OLSAC application fee<\/strong><\/td>\n<td width=\"208\">$200 CDN<\/td>\n<td width=\"208\">$200 CDN<\/td>\n<\/tr>\n<tr>\n<td width=\"208\"><strong>Additional living expenses per year<\/strong><\/td>\n<td width=\"208\">$11,000 CDN to $14,000 CDN<\/td>\n<td width=\"208\">$11,000 CDN to $14,000 CDN<\/td>\n<\/tr>\n<tr>\n<td width=\"208\"><strong>Total (per year)<\/strong><\/td>\n<td width=\"208\">$31,568 CDN (common)<\/p>\n<p>$23,846 CDN (civil)<\/td>\n<td width=\"208\">$78,338 CDN (common)<\/p>\n<p>$55,254 CDN (civil)<\/td>\n<\/tr>\n<\/tbody>\n<\/table>\n<h3>Scholarships at the University of Ottawa Faculty of Law<\/h3>\n<p>The University of Ottawa law school generously offers over 80 scholarships and 70 bursaries annually.<\/p>\n<ul>\n<li>Aspiring scholars compete over four categories: first, second and third-year students, plus National Program students.<\/li>\n<li>All scholarships under each categorization are listed on the UOttawa Financial Aid Office&#8217;s website with full details as to the eligibility and application requirements being attached to each one.<\/li>\n<\/ul>\n<p>International students enjoy specially designated bursaries, which result in a marked reduction of civil program tuition fees.<\/p>\n<h2>The Curriculum at Ottawa Law School<\/h2>\n<h3>First Year<\/h3>\n<p>First-year common law UOttawa students must accomplish the Legal Foundations: Research, Strategy, Analysis; Contracts; Public International Law or Project Management; Dispute Resolution and Professional Responsibility, and Property modules.<\/p>\n<ul>\n<li>These five UOttawa common law courses will be joined by three electives \u2013 Introduction to Public Law and Constitutional Law, Criminal Law and Procedure, and Torts. The class dimensions are either small-sized classes of 18-25 students or large groups of approximately 75-80 students.<\/li>\n<\/ul>\n<p>First year civil program students will study the following modules in French: Droit penal, Introduction \u00e0 la r\u00e9solution des diff\u00e9rends, Droits des biens, Les contrats, D\u00e9lits civils, Comp\u00e9tences et habilet\u00e9s juridiques, Droit constitutionnel I and L\u00e9gislation. No electives are available at this stage of the degree.<\/p>\n<h3>Second Year<\/h3>\n<p>The mandatory second year common law courses include Constitutional Law II, Civil Procedure I, Administrative Law and Business Organisations or the Special Course in Business Law.<\/p>\n<ul>\n<li>Students need to accumulate knowledge in between 18 and 27 units. Further information as to the selection of optional modules is available below.<\/li>\n<\/ul>\n<p>Droit constitutionnel II, Droit des soci\u00e9t\u00e9s, Proc\u00e9dure civile I, Droit administrative and Responsabilit\u00e9 professionnelle are all mandatory courses in the civil program.<\/p>\n<ul>\n<li>Electives need to amount to between 15 and 27 units. Further information as to the selection of optional modules is available below.<\/li>\n<\/ul>\n<h3>Third Year<\/h3>\n<p>The final year fixed common law modules include Civil Procedure I, Administrative Law and Business Organizations or the Special Course in Business Law, unless completed in Year Two.<\/p>\n<ul>\n<li>Electives need to amount to between 21 and 30 units. Further information as to the selection of optional modules is available below.<\/li>\n<\/ul>\n<p>The final year civil program consists of these modules: Droit des soci\u00e9t\u00e9s, Proc\u00e9dure civile I, Droit administratif and Responsabilit\u00e9 professionnelle, unless all are completed in Year Two.<\/p>\n<ul>\n<li>Electives need to amount to between 18 and 30 units. Further information as to the selection of optional modules is available below.<\/li>\n<\/ul>\n<h3>Electives<\/h3>\n<p>The civil and common law electives are split into the following options:<\/p>\n<ul>\n<li>Aboriginal Law and Indigenous Legal Traditions;<\/li>\n<li>Dispute Resolution &amp; Professionalism;<\/li>\n<li>Environmental Law;<\/li>\n<li>Health Law;<\/li>\n<li>International Law;<\/li>\n<li>Law and Social Justice;<\/li>\n<li>Law and Technology; and<\/li>\n<li>Public Law.<\/li>\n<\/ul>\n<p>There is a majorly extensive list of units under each option, so students must determine which ones to study, bearing in mind the calculation of the minimal units\u2019 number.<\/p>\n<h2>More About UOttawa Law<\/h2>\n<p>A 15-minute walk away from the Ontario Court of Justice and Supreme Court of Canada stands a five-storey building in central Ottawa, Fauteux Hall. It is home to the civil and common law subsidiaries of the Faculty of Law at the University of Ottawa. Hosted in the same building is the bilingual Brian Dickson Law Library serving the 1,180 full-time and 38 part-time students enrolled in the legal courses.<\/p>\n<p>The alumni network includes Justices of the SCC, politicians, Federal\/Appellate judges, and managerial officials at Norton Rose Fulbright and White &amp; Case LLP. From human rights lawyers to corporate lawyers to criminal lawyers &#8211; the alumni network of UOttawa Law is truly impressive.<\/p>\n<p>By Georgi Minchev<\/p>\n<p><iframe loading=\"lazy\" title=\"Coffee with Marie-Eve Sylvestre, Dean of the Faculty of Law, Civil Law Section\" width=\"500\" height=\"281\" src=\"https:\/\/www.youtube.com\/embed\/RQi0paW0Ny8?feature=oembed\" frameborder=\"0\" allow=\"accelerometer; autoplay; clipboard-write; encrypted-media; gyroscope; picture-in-picture; web-share\" referrerpolicy=\"strict-origin-when-cross-origin\" allowfullscreen><\/iframe><\/p>\n","protected":false},"excerpt":{"rendered":"<p>In the nation\u2019s capital, you\u2019ll find the University of Ottawa Faculty of Law \u2013 one of Canada\u2019s leading law schools. In this overview, you\u2019ll find unique qualities, admissions requirements, enrolment statistics, financial information, and the curriculum of this prestigious institution. 2-Year Senior Status LLB Degree could be your alternative option. Law School Summary There are [&hellip;]<\/p>\n","protected":false},"author":7,"featured_media":511,"parent":4126,"menu_order":0,"comment_status":"closed","ping_status":"closed","template":"","meta":{"_acf_changed":false,"inline_featured_image":false,"_genesis_hide_title":false,"_genesis_hide_breadcrumbs":false,"_genesis_hide_singular_image":false,"_genesis_hide_footer_widgets":false,"_genesis_custom_body_class":"","_genesis_custom_post_class":"","_genesis_layout":"","footnotes":""},"class_list":{"0":"post-502","1":"page","2":"type-page","3":"status-publish","4":"has-post-thumbnail","6":"entry"},"yoast_head":"<!-- This site is optimized with the Yoast SEO Premium plugin v24.4 (Yoast SEO v27.4) - https:\/\/yoast.com\/product\/yoast-seo-premium-wordpress\/ -->\n<title>University of Ottawa Faculty of Law: a Complete Guide<\/title>\n<meta name=\"description\" content=\"This is a detailed guide for prospective law students who are interesting in applying to the University of Ottawa Faculty of Law.\" \/>\n<meta name=\"robots\" content=\"index, follow, max-snippet:-1, max-image-preview:large, max-video-preview:-1\" \/>\n<link rel=\"canonical\" href=\"https:\/\/careerinlaw.net\/ca\/law-schools\/university-of-ottawa-faculty-of-law\" \/>\n<meta property=\"og:locale\" content=\"en_US\" \/>\n<meta property=\"og:type\" content=\"article\" \/>\n<meta property=\"og:title\" content=\"University of Ottawa Faculty of Law: a Complete Guide\" \/>\n<meta property=\"og:description\" content=\"This is a detailed guide for prospective law students who are interesting in applying to the University of Ottawa Faculty of Law.\" \/>\n<meta property=\"og:url\" content=\"https:\/\/careerinlaw.net\/ca\/law-schools\/university-of-ottawa-faculty-of-law\" \/>\n<meta property=\"og:site_name\" content=\"Careerinlaw.net | CA\" \/>\n<meta property=\"article:modified_time\" content=\"2023-12-13T20:57:01+00:00\" \/>\n<meta property=\"og:image\" content=\"https:\/\/careerinlaw.net\/ca\/wp-content\/uploads\/sites\/4\/2021\/12\/University-of-Ottawa-Faculty-of-Law-Building.jpg\" \/>\n\t<meta property=\"og:image:width\" content=\"1200\" \/>\n\t<meta property=\"og:image:height\" content=\"628\" \/>\n\t<meta property=\"og:image:type\" content=\"image\/jpeg\" \/>\n<meta name=\"twitter:card\" content=\"summary_large_image\" \/>\n<meta name=\"twitter:title\" content=\"University of Ottawa Faculty of Law: a Complete Guide\" \/>\n<meta name=\"twitter:description\" content=\"This is a detailed guide for prospective law students who are interesting in applying to the University of Ottawa Faculty of Law.\" \/>\n<meta name=\"twitter:label1\" content=\"Est. reading time\" \/>\n\t<meta name=\"twitter:data1\" content=\"7 minutes\" \/>\n<script type=\"application\/ld+json\" class=\"yoast-schema-graph\">{\"@context\":\"https:\\\/\\\/schema.org\",\"@graph\":[{\"@type\":\"WebPage\",\"@id\":\"https:\\\/\\\/careerinlaw.net\\\/ca\\\/law-schools\\\/university-of-ottawa-faculty-of-law\",\"url\":\"https:\\\/\\\/careerinlaw.net\\\/ca\\\/law-schools\\\/university-of-ottawa-faculty-of-law\",\"name\":\"University of Ottawa Faculty of Law: a Complete Guide\",\"isPartOf\":{\"@id\":\"https:\\\/\\\/careerinlaw.net\\\/ca\\\/#website\"},\"primaryImageOfPage\":{\"@id\":\"https:\\\/\\\/careerinlaw.net\\\/ca\\\/law-schools\\\/university-of-ottawa-faculty-of-law#primaryimage\"},\"image\":{\"@id\":\"https:\\\/\\\/careerinlaw.net\\\/ca\\\/law-schools\\\/university-of-ottawa-faculty-of-law#primaryimage\"},\"thumbnailUrl\":\"https:\\\/\\\/careerinlaw.net\\\/ca\\\/wp-content\\\/uploads\\\/sites\\\/4\\\/2021\\\/12\\\/University-of-Ottawa-Faculty-of-Law-Building.jpg\",\"datePublished\":\"2021-12-30T01:18:01+00:00\",\"dateModified\":\"2023-12-13T20:57:01+00:00\",\"description\":\"This is a detailed guide for prospective law students who are interesting in applying to the University of Ottawa Faculty of Law.\",\"breadcrumb\":{\"@id\":\"https:\\\/\\\/careerinlaw.net\\\/ca\\\/law-schools\\\/university-of-ottawa-faculty-of-law#breadcrumb\"},\"inLanguage\":\"en-US\",\"potentialAction\":[{\"@type\":\"ReadAction\",\"target\":[\"https:\\\/\\\/careerinlaw.net\\\/ca\\\/law-schools\\\/university-of-ottawa-faculty-of-law\"]}]},{\"@type\":\"ImageObject\",\"inLanguage\":\"en-US\",\"@id\":\"https:\\\/\\\/careerinlaw.net\\\/ca\\\/law-schools\\\/university-of-ottawa-faculty-of-law#primaryimage\",\"url\":\"https:\\\/\\\/careerinlaw.net\\\/ca\\\/wp-content\\\/uploads\\\/sites\\\/4\\\/2021\\\/12\\\/University-of-Ottawa-Faculty-of-Law-Building.jpg\",\"contentUrl\":\"https:\\\/\\\/careerinlaw.net\\\/ca\\\/wp-content\\\/uploads\\\/sites\\\/4\\\/2021\\\/12\\\/University-of-Ottawa-Faculty-of-Law-Building.jpg\",\"width\":1200,\"height\":628,\"caption\":\"Students walking by the UOttawa Law Building on the University of Ottawa Campus.\"},{\"@type\":\"BreadcrumbList\",\"@id\":\"https:\\\/\\\/careerinlaw.net\\\/ca\\\/law-schools\\\/university-of-ottawa-faculty-of-law#breadcrumb\",\"itemListElement\":[{\"@type\":\"ListItem\",\"position\":1,\"name\":\"Home\",\"item\":\"https:\\\/\\\/careerinlaw.net\\\/ca\\\/\"},{\"@type\":\"ListItem\",\"position\":2,\"name\":\"Law Schools\",\"item\":\"https:\\\/\\\/careerinlaw.net\\\/ca\\\/law-schools\"},{\"@type\":\"ListItem\",\"position\":3,\"name\":\"University of Ottawa Faculty of Law: a Complete Guide\"}]},{\"@type\":\"WebSite\",\"@id\":\"https:\\\/\\\/careerinlaw.net\\\/ca\\\/#website\",\"url\":\"https:\\\/\\\/careerinlaw.net\\\/ca\\\/\",\"name\":\"Careerinlaw.net | CA\",\"description\":\"\",\"publisher\":{\"@id\":\"https:\\\/\\\/careerinlaw.net\\\/ca\\\/#organization\"},\"potentialAction\":[{\"@type\":\"SearchAction\",\"target\":{\"@type\":\"EntryPoint\",\"urlTemplate\":\"https:\\\/\\\/careerinlaw.net\\\/ca\\\/?s={search_term_string}\"},\"query-input\":{\"@type\":\"PropertyValueSpecification\",\"valueRequired\":true,\"valueName\":\"search_term_string\"}}],\"inLanguage\":\"en-US\"},{\"@type\":\"Organization\",\"@id\":\"https:\\\/\\\/careerinlaw.net\\\/ca\\\/#organization\",\"name\":\"Careerinlaw.net | CA\",\"url\":\"https:\\\/\\\/careerinlaw.net\\\/ca\\\/\",\"logo\":{\"@type\":\"ImageObject\",\"inLanguage\":\"en-US\",\"@id\":\"https:\\\/\\\/careerinlaw.net\\\/ca\\\/#\\\/schema\\\/logo\\\/image\\\/\",\"url\":\"https:\\\/\\\/careerinlaw.net\\\/ca\\\/wp-content\\\/uploads\\\/sites\\\/4\\\/2023\\\/12\\\/Careerinlawnet-Canada-Cover-Photo.png\",\"contentUrl\":\"https:\\\/\\\/careerinlaw.net\\\/ca\\\/wp-content\\\/uploads\\\/sites\\\/4\\\/2023\\\/12\\\/Careerinlawnet-Canada-Cover-Photo.png\",\"width\":1920,\"height\":1080,\"caption\":\"Careerinlaw.net | CA\"},\"image\":{\"@id\":\"https:\\\/\\\/careerinlaw.net\\\/ca\\\/#\\\/schema\\\/logo\\\/image\\\/\"}}]}<\/script>\n<!-- \/ Yoast SEO Premium plugin. -->","yoast_head_json":{"title":"University of Ottawa Faculty of Law: a Complete Guide","description":"This is a detailed guide for prospective law students who are interesting in applying to the University of Ottawa Faculty of Law.","robots":{"index":"index","follow":"follow","max-snippet":"max-snippet:-1","max-image-preview":"max-image-preview:large","max-video-preview":"max-video-preview:-1"},"canonical":"https:\/\/careerinlaw.net\/ca\/law-schools\/university-of-ottawa-faculty-of-law","og_locale":"en_US","og_type":"article","og_title":"University of Ottawa Faculty of Law: a Complete Guide","og_description":"This is a detailed guide for prospective law students who are interesting in applying to the University of Ottawa Faculty of Law.","og_url":"https:\/\/careerinlaw.net\/ca\/law-schools\/university-of-ottawa-faculty-of-law","og_site_name":"Careerinlaw.net | CA","article_modified_time":"2023-12-13T20:57:01+00:00","og_image":[{"width":1200,"height":628,"url":"https:\/\/careerinlaw.net\/ca\/wp-content\/uploads\/sites\/4\/2021\/12\/University-of-Ottawa-Faculty-of-Law-Building.jpg","type":"image\/jpeg"}],"twitter_card":"summary_large_image","twitter_title":"University of Ottawa Faculty of Law: a Complete Guide","twitter_description":"This is a detailed guide for prospective law students who are interesting in applying to the University of Ottawa Faculty of Law.","twitter_misc":{"Est. reading time":"7 minutes"},"schema":{"@context":"https:\/\/schema.org","@graph":[{"@type":"WebPage","@id":"https:\/\/careerinlaw.net\/ca\/law-schools\/university-of-ottawa-faculty-of-law","url":"https:\/\/careerinlaw.net\/ca\/law-schools\/university-of-ottawa-faculty-of-law","name":"University of Ottawa Faculty of Law: a Complete Guide","isPartOf":{"@id":"https:\/\/careerinlaw.net\/ca\/#website"},"primaryImageOfPage":{"@id":"https:\/\/careerinlaw.net\/ca\/law-schools\/university-of-ottawa-faculty-of-law#primaryimage"},"image":{"@id":"https:\/\/careerinlaw.net\/ca\/law-schools\/university-of-ottawa-faculty-of-law#primaryimage"},"thumbnailUrl":"https:\/\/careerinlaw.net\/ca\/wp-content\/uploads\/sites\/4\/2021\/12\/University-of-Ottawa-Faculty-of-Law-Building.jpg","datePublished":"2021-12-30T01:18:01+00:00","dateModified":"2023-12-13T20:57:01+00:00","description":"This is a detailed guide for prospective law students who are interesting in applying to the University of Ottawa Faculty of Law.","breadcrumb":{"@id":"https:\/\/careerinlaw.net\/ca\/law-schools\/university-of-ottawa-faculty-of-law#breadcrumb"},"inLanguage":"en-US","potentialAction":[{"@type":"ReadAction","target":["https:\/\/careerinlaw.net\/ca\/law-schools\/university-of-ottawa-faculty-of-law"]}]},{"@type":"ImageObject","inLanguage":"en-US","@id":"https:\/\/careerinlaw.net\/ca\/law-schools\/university-of-ottawa-faculty-of-law#primaryimage","url":"https:\/\/careerinlaw.net\/ca\/wp-content\/uploads\/sites\/4\/2021\/12\/University-of-Ottawa-Faculty-of-Law-Building.jpg","contentUrl":"https:\/\/careerinlaw.net\/ca\/wp-content\/uploads\/sites\/4\/2021\/12\/University-of-Ottawa-Faculty-of-Law-Building.jpg","width":1200,"height":628,"caption":"Students walking by the UOttawa Law Building on the University of Ottawa Campus."},{"@type":"BreadcrumbList","@id":"https:\/\/careerinlaw.net\/ca\/law-schools\/university-of-ottawa-faculty-of-law#breadcrumb","itemListElement":[{"@type":"ListItem","position":1,"name":"Home","item":"https:\/\/careerinlaw.net\/ca\/"},{"@type":"ListItem","position":2,"name":"Law Schools","item":"https:\/\/careerinlaw.net\/ca\/law-schools"},{"@type":"ListItem","position":3,"name":"University of Ottawa Faculty of Law: a Complete Guide"}]},{"@type":"WebSite","@id":"https:\/\/careerinlaw.net\/ca\/#website","url":"https:\/\/careerinlaw.net\/ca\/","name":"Careerinlaw.net | CA","description":"","publisher":{"@id":"https:\/\/careerinlaw.net\/ca\/#organization"},"potentialAction":[{"@type":"SearchAction","target":{"@type":"EntryPoint","urlTemplate":"https:\/\/careerinlaw.net\/ca\/?s={search_term_string}"},"query-input":{"@type":"PropertyValueSpecification","valueRequired":true,"valueName":"search_term_string"}}],"inLanguage":"en-US"},{"@type":"Organization","@id":"https:\/\/careerinlaw.net\/ca\/#organization","name":"Careerinlaw.net | CA","url":"https:\/\/careerinlaw.net\/ca\/","logo":{"@type":"ImageObject","inLanguage":"en-US","@id":"https:\/\/careerinlaw.net\/ca\/#\/schema\/logo\/image\/","url":"https:\/\/careerinlaw.net\/ca\/wp-content\/uploads\/sites\/4\/2023\/12\/Careerinlawnet-Canada-Cover-Photo.png","contentUrl":"https:\/\/careerinlaw.net\/ca\/wp-content\/uploads\/sites\/4\/2023\/12\/Careerinlawnet-Canada-Cover-Photo.png","width":1920,"height":1080,"caption":"Careerinlaw.net | CA"},"image":{"@id":"https:\/\/careerinlaw.net\/ca\/#\/schema\/logo\/image\/"}}]}},"acf":[],"_links":{"self":[{"href":"https:\/\/careerinlaw.net\/ca\/wp-json\/wp\/v2\/pages\/502","targetHints":{"allow":["GET"]}}],"collection":[{"href":"https:\/\/careerinlaw.net\/ca\/wp-json\/wp\/v2\/pages"}],"about":[{"href":"https:\/\/careerinlaw.net\/ca\/wp-json\/wp\/v2\/types\/page"}],"author":[{"embeddable":true,"href":"https:\/\/careerinlaw.net\/ca\/wp-json\/wp\/v2\/users\/7"}],"replies":[{"embeddable":true,"href":"https:\/\/careerinlaw.net\/ca\/wp-json\/wp\/v2\/comments?post=502"}],"version-history":[{"count":0,"href":"https:\/\/careerinlaw.net\/ca\/wp-json\/wp\/v2\/pages\/502\/revisions"}],"up":[{"embeddable":true,"href":"https:\/\/careerinlaw.net\/ca\/wp-json\/wp\/v2\/pages\/4126"}],"wp:featuredmedia":[{"embeddable":true,"href":"https:\/\/careerinlaw.net\/ca\/wp-json\/wp\/v2\/media\/511"}],"wp:attachment":[{"href":"https:\/\/careerinlaw.net\/ca\/wp-json\/wp\/v2\/media?parent=502"}],"curies":[{"name":"wp","href":"https:\/\/api.w.org\/{rel}","templated":true}]}}