{"id":1101,"date":"2022-01-20T17:13:07","date_gmt":"2022-01-20T17:13:07","guid":{"rendered":"https:\/\/careerinlaw.net\/ca\/?page_id=1101"},"modified":"2022-01-20T17:13:07","modified_gmt":"2022-01-20T17:13:07","slug":"how-to-become-a-lawyer-in-quebec","status":"publish","type":"page","link":"https:\/\/careerinlaw.net\/ca\/how-to-become-a-lawyer-in-canada\/how-to-become-a-lawyer-in-quebec","title":{"rendered":"How to Become a Lawyer in Quebec &#8211; a Complete Guide"},"content":{"rendered":"\n<p>On this page, you will learn about how to become a lawyer in Quebec. The pathway to qualifying as a lawyer in Quebec is similar to other Canadian provinces and territories when it comes to the initial stages. However, the latter stages of becoming a lawyer in Quebec are unique to this province.<\/p><div id=\"caree-3361956218\" class=\"caree-content caree-entity-placement\"><img src=\"https:\/\/careerinlaw.net\/ca\/wp-content\/uploads\/sites\/4\/2023\/10\/MRF-169650-in-article-336x280-1.png\" alt=\"\"  srcset=\"https:\/\/careerinlaw.net\/ca\/wp-content\/uploads\/sites\/4\/2023\/10\/MRF-169650-in-article-336x280-1.png 448w, https:\/\/careerinlaw.net\/ca\/wp-content\/uploads\/sites\/4\/2023\/10\/MRF-169650-in-article-336x280-1-300x250.png 300w\" sizes=\"(max-width: 448px) 100vw, 448px\" width=\"448\" height=\"373\"  style=\"display: inline-block;\" \/><\/div>\n\n\n\n<h2 class=\"wp-block-heading\" id=\"h-requirements-stage-1-of-how-to-become-a-lawyer-in-quebec\">Requirements: Stage 1 of How to Become a Lawyer in Quebec<\/h2>\n\n\n\n<p>As mentioned above, the first stage of becoming a lawyer in Quebec is the same as in other parts of Canada.<\/p>\n\n\n\n<h3 class=\"wp-block-heading\" id=\"h-high-school-diploma\">High School Diploma<\/h3>\n\n\n\n<p>It is mandatory for future lawyers to finish their secondary education or equivalent.<\/p>\n\n\n\n<h3 class=\"wp-block-heading\" id=\"h-undergraduate-degree\">Undergraduate Degree<\/h3>\n\n\n\n<p>One of the requirements for entry into a Canadian law program(JD program or LLL program in Quebec) is at least a bachelor&#8217;s degree. In Canada, law schools are considered graduate programs thus you will need to complete your undergraduate degree.<\/p>\n\n\n\n<h3 class=\"wp-block-heading\" id=\"h-lsat\">LSAT<\/h3>\n\n\n\n<p>Every Canadian law schools require the completion of the Law School Admission Test (LSAT) except law schools in Quebec. You will not need to complete the LSAT if you are planning to attend a law program in Quebec. However, if you were to complete the LSAT you must submit your score with your law school applications. McGill Law School encourages applicants to complete the test considering the competitive nature of the law program.<\/p>\n\n\n\n<h3 class=\"wp-block-heading\" id=\"h-law-degree\">Law Degree<\/h3>\n\n\n\n<p>If you are planning to practice law in Canada, you must finish a <a href=\"https:\/\/careerinlaw.net\/ca\/types-of-law-degrees\">common law degree<\/a>. In Quebec, however, you will need a civil law degree. Your legal education can be from any law school in Canada.<\/p>\n\n\n\n<p>Some law degrees are faster to complete than others, like the <a href=\"https:\/\/careerinlaw.net\/ca\/graduate-entry-uk-senior-status-law-degree\">2-Year Graduate Entry LLB<\/a> in the UK.<\/p>\n\n\n\n<h4 class=\"wp-block-heading\" id=\"h-applying-to-law-schools\">Applying to Law Schools<\/h4>\n\n\n\n<p>In Quebec, you will have to apply to law schools directly through their university application portals. You will most likely need to submit a personal statement, resume, letters of recommendation, and academic transcripts. For those applying to civil law schools in Quebec, there are 5 law schools located in the province:<\/p>\n\n\n\n<ul class=\"wp-block-list\">\n<li>McGill Law (<a href=\"https:\/\/careerinlaw.net\/ca\/law-schools\/mcgill-law\/\" target=\"_blank\" rel=\"noopener noreferrer\">Common law <\/a>and civil law);<\/li>\n\n\n\n<li>the Universit\u00e9 de Montr\u00e9al (common law in french and civil law);<\/li>\n\n\n\n<li>the Universit\u00e9 de Sherbrooke;<\/li>\n\n\n\n<li>the Universit\u00e9 Laval; and<\/li>\n\n\n\n<li>Universit\u00e9 du Qu\u00e9bec \u00e0 Montr\u00e9al.<\/li>\n<\/ul>\n\n\n\n<h2 class=\"wp-block-heading\" id=\"h-requirements-stage-2-of-how-to-become-a-lawyer-in-quebec\">Requirements: Stage 2 of How to Become a Lawyer in Quebec<\/h2>\n\n\n\n<figure class=\"wp-block-image\"><img decoding=\"async\" src=\"https:\/\/careerinlaw.net\/ca\/wp-content\/uploads\/sites\/4\/2022\/01\/Becoming-a-lawyer-in-Quebec-e1642699281586-1024x284.jpg\" alt=\"View from Mount Royal of Montreal\" \/><\/figure>\n\n\n\n<p>This stage of your qualification will be specific to Quebec. <a href=\"https:\/\/www.barreau.qc.ca\/en\/\">Du Barreau De Quebec<\/a> (Quebec Bar Society) <a href=\"https:\/\/www.barreau.qc.ca\/en\/ressources-avocats\/devenir-avocat\/\">admissions process<\/a> requires law graduates to complete the following:<\/p>\n\n\n\n<ul class=\"wp-block-list\">\n<li>For a start, whilst the other provinces required the completion of a Canadian common law degree, Quebec accepts <strong>civil law graduate qualifications<\/strong> as well.<\/li>\n\n\n\n<li>Afterward, law graduates must undertake a <strong>four-month work placement<\/strong> at the Ecole du Barreau de Quebec. This can be compared to a Bar Admission Course in other provinces. Amongst other topics, students learn about professional responsibilities and the legal profession and receive further legal training.<\/li>\n\n\n\n<li>Complete a <strong>six-month articling training period<\/strong>.<\/li>\n\n\n\n<li>Contrasted to the other English-speaking Canadian provinces, Quebec\u2019s official language is French, and consequently, one\u2019s spoken and written French language abilities are tested by the <strong>official language assessment<\/strong> set by the Office de la Langue Francaise.<\/li>\n\n\n\n<li>Once all these criteria are fulfilled, the final stage left is to apply for the Quebec Bar membership. There is no formal Bar examination in Quebec.<\/li>\n<\/ul>\n\n\n\n<h3 class=\"wp-block-heading\" id=\"h-articling-application-process-in-quebec\"><strong>Articling Application Process in Quebec<\/strong><\/h3>\n\n\n\n<p>The process of applying for articling positions in Quebec is the following:<\/p>\n\n\n\n<p><strong>Application<\/strong> \u2013 the VI Portal acts as the submission platform for the majority of applications, although it is possible to email applications or send them by post to organizations (e.g. law firms, notary chambers or courts). No application can go without a cover letter, albeit be sure to check whether the organization you are applying to has a preference as to a full Curriculum Vitae or a shorter resume.<\/p>\n\n\n\n<p>Caution must be taken in respect of submitting the required academic transcripts: law school transcripts are mandatory everywhere, however, that does not apply to post-secondary degree transcripts \u2013 no recruiter would want to be occupied with removing unnecessary paperwork. Additionally, if applicable, transcripts from the Bar of Quebec may have to be obtained, as well as copies of law school research papers, or residency proof.<\/p>\n\n\n\n<p><strong>Interview<\/strong> \u2013 details about the conduction of interviews will be communicated to candidates, although it is important to warn you in advance that some organizations carry out two rounds of interviews, each conducted in different circumstances and with a different purpose. In such situations, round one interviews tend to be shorter and less formal, whereas final interviews are led by officials of high standing (for example partners or HR managers) and may involve practical tasks as well.<\/p>\n\n\n\n<h3 class=\"wp-block-heading\" id=\"h-articling-application-deadlines-in-quebec-how-to-become-a-lawyer-in-quebec\"><strong>Articling Application Deadlines in Quebec: How to Become a Lawyer in Quebec<\/strong><\/h3>\n\n\n\n<h4 class=\"wp-block-heading\" id=\"h-application-to-the-quebec-bar-school-course\"><strong>Application to the Quebec Bar School Course<\/strong><\/h4>\n\n\n\n<p>The articling applications usually start in early February and close just over a month later in early March.<\/p>\n\n\n\n<h4 class=\"wp-block-heading\" id=\"h-law-firms-in-montreal\"><strong>Law Firms in Montreal <\/strong><\/h4>\n\n\n\n<p>The <em>Entente de recrutement<\/em>, outlining how the law recruitment is to operate in Quebec, has been signed by most law firms in this city.<\/p>\n\n\n\n<p>McCarthy T\u00e9trault LLP abided by this agreement and laid out its articling recruitment applications in the following patterns: applications are received by early February at the latest; interviews take place on and after and mid- March and subsequently offers were announced after that.<\/p>\n\n\n\n<p>Osler, Hoskin &amp; Harcourt LLP closes its recruitment applications in early February and proceeds with its interviews in March, after which offers were sent out.<\/p>\n\n\n\n<p>Similarly, Montreal\u2019s Legal Excellence Articling Programme held applications open in mid-December and early February.<\/p>\n\n\n\n<h4 class=\"wp-block-heading\" id=\"h-law-firms-in-quebec-city\"><strong>Law Firms in Quebec City <\/strong><\/h4>\n\n\n\n<p>The <em>Entente de recrutement\u2019s<\/em> principles are also applicable to Quebec City.<\/p>\n\n\n\n<p>The VI Portal opens applications in early February.<\/p>\n\n\n\n<p>Interviews take place in mid-March, with offers being confirmed in the closing days of March.<\/p>\n\n\n\n<h2 class=\"wp-block-heading\" id=\"h-is-it-worth-becoming-a-lawyer-in-quebec\"><strong>Is It Worth Becoming a Lawyer in Quebec?<\/strong><\/h2>\n\n\n\n<p>Quebec\u2019s Bar Society (Barreau Quebec) records a membership of 22,500 lawyers, excluding the 3,498 notaries, which practically places Quebec second in line after Ontario in terms of Canada\u2019s busiest provinces in relation to their development of the legal sector. The Statistical Report of The Federation of Law Societies of Canada from 2016 confirmed that 1,045 articling students were employed by law firms and another 135 articling spots were advertised by notary chambers.<\/p>\n\n\n\n<p>Quebec is famous for having French as its main language, so this province will be a suitable choice to accomplish an articling period for those, who may not speak English as their first language, or who would like to try communicating legal matters in a different language to their mother tongue.<\/p>\n\n\n\n<p>Quebec is not short of opportunities and accommodates branches of several major law firms, both international, namely Norton Rose Fulbright and Dentons LLP, or some of Canada\u2019s most prominent, for instance, Borden Ladner Gervais LLP and Gowling WLG. Quebec\u2019s non-contentious legal sector is really well-developed in its commercial, corporate, finance and banking, real estate and intellectual property law services.<\/p>\n\n\n\n<p>Litigious work in both the criminal and civil law practices also finds strong growth in Quebec, but the province can also be distinguished from other Canadian territories in its provision of international law, immigration, and human rights advice.<\/p>\n\n\n\n<p>By Georgi Minchev<\/p>\n\n\n\n<figure class=\"wp-block-embed is-type-video is-provider-youtube wp-block-embed-youtube wp-embed-aspect-16-9 wp-has-aspect-ratio\"><div class=\"wp-block-embed__wrapper\">\n<iframe loading=\"lazy\" title=\"This is McGill Law\" width=\"500\" height=\"281\" src=\"https:\/\/www.youtube.com\/embed\/DSY8HBtLnuI?feature=oembed\" frameborder=\"0\" allow=\"accelerometer; autoplay; clipboard-write; encrypted-media; gyroscope; picture-in-picture; web-share\" referrerpolicy=\"strict-origin-when-cross-origin\" allowfullscreen><\/iframe>\n<\/div><\/figure>\n","protected":false},"excerpt":{"rendered":"<p>On this page, you will learn about how to become a lawyer in Quebec. The pathway to qualifying as a lawyer in Quebec is similar to other Canadian provinces and territories when it comes to the initial stages. However, the latter stages of becoming a lawyer in Quebec are unique to this province. Requirements: Stage [&hellip;]<\/p>\n","protected":false},"author":7,"featured_media":1107,"parent":872,"menu_order":0,"comment_status":"closed","ping_status":"closed","template":"","meta":{"_acf_changed":false,"inline_featured_image":false,"_genesis_hide_title":false,"_genesis_hide_breadcrumbs":false,"_genesis_hide_singular_image":false,"_genesis_hide_footer_widgets":false,"_genesis_custom_body_class":"","_genesis_custom_post_class":"","_genesis_layout":"","footnotes":""},"class_list":{"0":"post-1101","1":"page","2":"type-page","3":"status-publish","4":"has-post-thumbnail","6":"entry"},"yoast_head":"<!-- This site is optimized with the Yoast SEO Premium plugin v24.4 (Yoast SEO v27.4) - https:\/\/yoast.com\/product\/yoast-seo-premium-wordpress\/ -->\n<title>How to Become a Lawyer in Quebec - a Complete Guide<\/title>\n<meta name=\"description\" content=\"This is a comprehensive overview for aspiring civil law lawyers about how to become a lawyer in Quebec, Canada.\" \/>\n<meta name=\"robots\" content=\"index, follow, max-snippet:-1, max-image-preview:large, max-video-preview:-1\" \/>\n<link rel=\"canonical\" href=\"https:\/\/careerinlaw.net\/ca\/how-to-become-a-lawyer-in-canada\/how-to-become-a-lawyer-in-quebec\" \/>\n<meta property=\"og:locale\" content=\"en_US\" \/>\n<meta property=\"og:type\" content=\"article\" \/>\n<meta property=\"og:title\" content=\"How to Become a Lawyer in Quebec- a Complete Guide\" \/>\n<meta property=\"og:description\" content=\"This is a comprehensive overview for aspiring civil law lawyers about how to become a lawyer in Quebec, Canada.\" \/>\n<meta property=\"og:url\" content=\"https:\/\/careerinlaw.net\/ca\/how-to-become-a-lawyer-in-canada\/how-to-become-a-lawyer-in-quebec\" \/>\n<meta property=\"og:site_name\" content=\"Careerinlaw.net | CA\" \/>\n<meta property=\"og:image\" content=\"https:\/\/careerinlaw.net\/ca\/wp-content\/uploads\/sites\/4\/2022\/01\/How-to-become-a-lawyer-in-Quebec.jpg\" \/>\n\t<meta property=\"og:image:width\" content=\"1920\" \/>\n\t<meta property=\"og:image:height\" content=\"1080\" \/>\n\t<meta property=\"og:image:type\" content=\"image\/jpeg\" \/>\n<meta name=\"twitter:card\" content=\"summary_large_image\" \/>\n<meta name=\"twitter:title\" content=\"How to Become a Lawyer in Quebec- a Complete Guide\" \/>\n<meta name=\"twitter:description\" content=\"This is a comprehensive overview for aspiring civil law lawyers about how to become a lawyer in Quebec, Canada.\" \/>\n<meta name=\"twitter:label1\" content=\"Est. reading time\" \/>\n\t<meta name=\"twitter:data1\" content=\"6 minutes\" \/>\n<script type=\"application\/ld+json\" class=\"yoast-schema-graph\">{\"@context\":\"https:\\\/\\\/schema.org\",\"@graph\":[{\"@type\":\"WebPage\",\"@id\":\"https:\\\/\\\/careerinlaw.net\\\/ca\\\/how-to-become-a-lawyer-in-canada\\\/how-to-become-a-lawyer-in-quebec\",\"url\":\"https:\\\/\\\/careerinlaw.net\\\/ca\\\/how-to-become-a-lawyer-in-canada\\\/how-to-become-a-lawyer-in-quebec\",\"name\":\"How to Become a Lawyer in Quebec - a Complete Guide\",\"isPartOf\":{\"@id\":\"https:\\\/\\\/careerinlaw.net\\\/ca\\\/#website\"},\"primaryImageOfPage\":{\"@id\":\"https:\\\/\\\/careerinlaw.net\\\/ca\\\/how-to-become-a-lawyer-in-canada\\\/how-to-become-a-lawyer-in-quebec#primaryimage\"},\"image\":{\"@id\":\"https:\\\/\\\/careerinlaw.net\\\/ca\\\/how-to-become-a-lawyer-in-canada\\\/how-to-become-a-lawyer-in-quebec#primaryimage\"},\"thumbnailUrl\":\"https:\\\/\\\/careerinlaw.net\\\/ca\\\/wp-content\\\/uploads\\\/sites\\\/4\\\/2022\\\/01\\\/How-to-become-a-lawyer-in-Quebec.jpg\",\"datePublished\":\"2022-01-20T17:13:07+00:00\",\"description\":\"This is a comprehensive overview for aspiring civil law lawyers about how to become a lawyer in Quebec, Canada.\",\"breadcrumb\":{\"@id\":\"https:\\\/\\\/careerinlaw.net\\\/ca\\\/how-to-become-a-lawyer-in-canada\\\/how-to-become-a-lawyer-in-quebec#breadcrumb\"},\"inLanguage\":\"en-US\",\"potentialAction\":[{\"@type\":\"ReadAction\",\"target\":[\"https:\\\/\\\/careerinlaw.net\\\/ca\\\/how-to-become-a-lawyer-in-canada\\\/how-to-become-a-lawyer-in-quebec\"]}]},{\"@type\":\"ImageObject\",\"inLanguage\":\"en-US\",\"@id\":\"https:\\\/\\\/careerinlaw.net\\\/ca\\\/how-to-become-a-lawyer-in-canada\\\/how-to-become-a-lawyer-in-quebec#primaryimage\",\"url\":\"https:\\\/\\\/careerinlaw.net\\\/ca\\\/wp-content\\\/uploads\\\/sites\\\/4\\\/2022\\\/01\\\/How-to-become-a-lawyer-in-Quebec.jpg\",\"contentUrl\":\"https:\\\/\\\/careerinlaw.net\\\/ca\\\/wp-content\\\/uploads\\\/sites\\\/4\\\/2022\\\/01\\\/How-to-become-a-lawyer-in-Quebec.jpg\",\"width\":1920,\"height\":1080,\"caption\":\"View of the downtown Montreal\"},{\"@type\":\"BreadcrumbList\",\"@id\":\"https:\\\/\\\/careerinlaw.net\\\/ca\\\/how-to-become-a-lawyer-in-canada\\\/how-to-become-a-lawyer-in-quebec#breadcrumb\",\"itemListElement\":[{\"@type\":\"ListItem\",\"position\":1,\"name\":\"Home\",\"item\":\"https:\\\/\\\/careerinlaw.net\\\/ca\\\/\"},{\"@type\":\"ListItem\",\"position\":2,\"name\":\"How to Become a Lawyer in Canada &#8211; Official Guidelines\",\"item\":\"https:\\\/\\\/careerinlaw.net\\\/ca\\\/how-to-become-a-lawyer-in-canada\"},{\"@type\":\"ListItem\",\"position\":3,\"name\":\"How to Become a Lawyer in Quebec &#8211; a Complete Guide\"}]},{\"@type\":\"WebSite\",\"@id\":\"https:\\\/\\\/careerinlaw.net\\\/ca\\\/#website\",\"url\":\"https:\\\/\\\/careerinlaw.net\\\/ca\\\/\",\"name\":\"Careerinlaw.net | CA\",\"description\":\"\",\"publisher\":{\"@id\":\"https:\\\/\\\/careerinlaw.net\\\/ca\\\/#organization\"},\"potentialAction\":[{\"@type\":\"SearchAction\",\"target\":{\"@type\":\"EntryPoint\",\"urlTemplate\":\"https:\\\/\\\/careerinlaw.net\\\/ca\\\/?s={search_term_string}\"},\"query-input\":{\"@type\":\"PropertyValueSpecification\",\"valueRequired\":true,\"valueName\":\"search_term_string\"}}],\"inLanguage\":\"en-US\"},{\"@type\":\"Organization\",\"@id\":\"https:\\\/\\\/careerinlaw.net\\\/ca\\\/#organization\",\"name\":\"Careerinlaw.net | CA\",\"url\":\"https:\\\/\\\/careerinlaw.net\\\/ca\\\/\",\"logo\":{\"@type\":\"ImageObject\",\"inLanguage\":\"en-US\",\"@id\":\"https:\\\/\\\/careerinlaw.net\\\/ca\\\/#\\\/schema\\\/logo\\\/image\\\/\",\"url\":\"https:\\\/\\\/careerinlaw.net\\\/ca\\\/wp-content\\\/uploads\\\/sites\\\/4\\\/2023\\\/12\\\/Careerinlawnet-Canada-Cover-Photo.png\",\"contentUrl\":\"https:\\\/\\\/careerinlaw.net\\\/ca\\\/wp-content\\\/uploads\\\/sites\\\/4\\\/2023\\\/12\\\/Careerinlawnet-Canada-Cover-Photo.png\",\"width\":1920,\"height\":1080,\"caption\":\"Careerinlaw.net | CA\"},\"image\":{\"@id\":\"https:\\\/\\\/careerinlaw.net\\\/ca\\\/#\\\/schema\\\/logo\\\/image\\\/\"}}]}<\/script>\n<!-- \/ Yoast SEO Premium plugin. -->","yoast_head_json":{"title":"How to Become a Lawyer in Quebec - a Complete Guide","description":"This is a comprehensive overview for aspiring civil law lawyers about how to become a lawyer in Quebec, Canada.","robots":{"index":"index","follow":"follow","max-snippet":"max-snippet:-1","max-image-preview":"max-image-preview:large","max-video-preview":"max-video-preview:-1"},"canonical":"https:\/\/careerinlaw.net\/ca\/how-to-become-a-lawyer-in-canada\/how-to-become-a-lawyer-in-quebec","og_locale":"en_US","og_type":"article","og_title":"How to Become a Lawyer in Quebec- a Complete Guide","og_description":"This is a comprehensive overview for aspiring civil law lawyers about how to become a lawyer in Quebec, Canada.","og_url":"https:\/\/careerinlaw.net\/ca\/how-to-become-a-lawyer-in-canada\/how-to-become-a-lawyer-in-quebec","og_site_name":"Careerinlaw.net | CA","og_image":[{"width":1920,"height":1080,"url":"https:\/\/careerinlaw.net\/ca\/wp-content\/uploads\/sites\/4\/2022\/01\/How-to-become-a-lawyer-in-Quebec.jpg","type":"image\/jpeg"}],"twitter_card":"summary_large_image","twitter_title":"How to Become a Lawyer in Quebec- a Complete Guide","twitter_description":"This is a comprehensive overview for aspiring civil law lawyers about how to become a lawyer in Quebec, Canada.","twitter_misc":{"Est. reading time":"6 minutes"},"schema":{"@context":"https:\/\/schema.org","@graph":[{"@type":"WebPage","@id":"https:\/\/careerinlaw.net\/ca\/how-to-become-a-lawyer-in-canada\/how-to-become-a-lawyer-in-quebec","url":"https:\/\/careerinlaw.net\/ca\/how-to-become-a-lawyer-in-canada\/how-to-become-a-lawyer-in-quebec","name":"How to Become a Lawyer in Quebec - a Complete Guide","isPartOf":{"@id":"https:\/\/careerinlaw.net\/ca\/#website"},"primaryImageOfPage":{"@id":"https:\/\/careerinlaw.net\/ca\/how-to-become-a-lawyer-in-canada\/how-to-become-a-lawyer-in-quebec#primaryimage"},"image":{"@id":"https:\/\/careerinlaw.net\/ca\/how-to-become-a-lawyer-in-canada\/how-to-become-a-lawyer-in-quebec#primaryimage"},"thumbnailUrl":"https:\/\/careerinlaw.net\/ca\/wp-content\/uploads\/sites\/4\/2022\/01\/How-to-become-a-lawyer-in-Quebec.jpg","datePublished":"2022-01-20T17:13:07+00:00","description":"This is a comprehensive overview for aspiring civil law lawyers about how to become a lawyer in Quebec, Canada.","breadcrumb":{"@id":"https:\/\/careerinlaw.net\/ca\/how-to-become-a-lawyer-in-canada\/how-to-become-a-lawyer-in-quebec#breadcrumb"},"inLanguage":"en-US","potentialAction":[{"@type":"ReadAction","target":["https:\/\/careerinlaw.net\/ca\/how-to-become-a-lawyer-in-canada\/how-to-become-a-lawyer-in-quebec"]}]},{"@type":"ImageObject","inLanguage":"en-US","@id":"https:\/\/careerinlaw.net\/ca\/how-to-become-a-lawyer-in-canada\/how-to-become-a-lawyer-in-quebec#primaryimage","url":"https:\/\/careerinlaw.net\/ca\/wp-content\/uploads\/sites\/4\/2022\/01\/How-to-become-a-lawyer-in-Quebec.jpg","contentUrl":"https:\/\/careerinlaw.net\/ca\/wp-content\/uploads\/sites\/4\/2022\/01\/How-to-become-a-lawyer-in-Quebec.jpg","width":1920,"height":1080,"caption":"View of the downtown Montreal"},{"@type":"BreadcrumbList","@id":"https:\/\/careerinlaw.net\/ca\/how-to-become-a-lawyer-in-canada\/how-to-become-a-lawyer-in-quebec#breadcrumb","itemListElement":[{"@type":"ListItem","position":1,"name":"Home","item":"https:\/\/careerinlaw.net\/ca\/"},{"@type":"ListItem","position":2,"name":"How to Become a Lawyer in Canada &#8211; Official Guidelines","item":"https:\/\/careerinlaw.net\/ca\/how-to-become-a-lawyer-in-canada"},{"@type":"ListItem","position":3,"name":"How to Become a Lawyer in Quebec &#8211; a Complete Guide"}]},{"@type":"WebSite","@id":"https:\/\/careerinlaw.net\/ca\/#website","url":"https:\/\/careerinlaw.net\/ca\/","name":"Careerinlaw.net | CA","description":"","publisher":{"@id":"https:\/\/careerinlaw.net\/ca\/#organization"},"potentialAction":[{"@type":"SearchAction","target":{"@type":"EntryPoint","urlTemplate":"https:\/\/careerinlaw.net\/ca\/?s={search_term_string}"},"query-input":{"@type":"PropertyValueSpecification","valueRequired":true,"valueName":"search_term_string"}}],"inLanguage":"en-US"},{"@type":"Organization","@id":"https:\/\/careerinlaw.net\/ca\/#organization","name":"Careerinlaw.net | CA","url":"https:\/\/careerinlaw.net\/ca\/","logo":{"@type":"ImageObject","inLanguage":"en-US","@id":"https:\/\/careerinlaw.net\/ca\/#\/schema\/logo\/image\/","url":"https:\/\/careerinlaw.net\/ca\/wp-content\/uploads\/sites\/4\/2023\/12\/Careerinlawnet-Canada-Cover-Photo.png","contentUrl":"https:\/\/careerinlaw.net\/ca\/wp-content\/uploads\/sites\/4\/2023\/12\/Careerinlawnet-Canada-Cover-Photo.png","width":1920,"height":1080,"caption":"Careerinlaw.net | CA"},"image":{"@id":"https:\/\/careerinlaw.net\/ca\/#\/schema\/logo\/image\/"}}]}},"acf":[],"_links":{"self":[{"href":"https:\/\/careerinlaw.net\/ca\/wp-json\/wp\/v2\/pages\/1101","targetHints":{"allow":["GET"]}}],"collection":[{"href":"https:\/\/careerinlaw.net\/ca\/wp-json\/wp\/v2\/pages"}],"about":[{"href":"https:\/\/careerinlaw.net\/ca\/wp-json\/wp\/v2\/types\/page"}],"author":[{"embeddable":true,"href":"https:\/\/careerinlaw.net\/ca\/wp-json\/wp\/v2\/users\/7"}],"replies":[{"embeddable":true,"href":"https:\/\/careerinlaw.net\/ca\/wp-json\/wp\/v2\/comments?post=1101"}],"version-history":[{"count":0,"href":"https:\/\/careerinlaw.net\/ca\/wp-json\/wp\/v2\/pages\/1101\/revisions"}],"up":[{"embeddable":true,"href":"https:\/\/careerinlaw.net\/ca\/wp-json\/wp\/v2\/pages\/872"}],"wp:featuredmedia":[{"embeddable":true,"href":"https:\/\/careerinlaw.net\/ca\/wp-json\/wp\/v2\/media\/1107"}],"wp:attachment":[{"href":"https:\/\/careerinlaw.net\/ca\/wp-json\/wp\/v2\/media?parent=1101"}],"curies":[{"name":"wp","href":"https:\/\/api.w.org\/{rel}","templated":true}]}}